{"id":4377,"date":"2021-07-07T16:00:04","date_gmt":"2021-07-07T16:00:04","guid":{"rendered":"http:\/\/1001garrafas.com\/produto\/herdade-cebolal-colheita-tinto\/"},"modified":"2024-05-21T11:39:49","modified_gmt":"2024-05-21T11:39:49","slug":"herdade-cebolal-colheita-tinto","status":"publish","type":"product","link":"https:\/\/1001garrafas.com\/en\/produto\/herdade-cebolal-colheita-tinto\/","title":{"rendered":"Herdade Cebolal Colheita Tinto"},"content":{"rendered":"<p>A propriedade tem estado na mesma fam\u00edlia h\u00e1 mais de um s\u00e9culo. As vinhas da herdade est\u00e3o localizadas na Costa Vicentina, a dez quil\u00f3metros da praia de Porto Covo.<\/p>\n","protected":false},"excerpt":{"rendered":"<p>A propriedade tem estado na mesma fam\u00edlia h\u00e1 mais de um s\u00e9culo. As vinhas da herdade est\u00e3o localizadas na Costa Vicentina, a dez quil\u00f3metros da praia de Porto Covo.<\/p>\n","protected":false},"featured_media":4662,"template":"","meta":[],"product_cat":[135,136],"acf":[],"yoast_head":"<!-- This site is optimized with the Yoast SEO plugin v19.8 - https:\/\/yoast.com\/wordpress\/plugins\/seo\/ -->\n<title>Herdade Cebolal Colheita Tinto - 1001Garrafas<\/title>\n<meta name=\"robots\" content=\"index, follow, max-snippet:-1, max-image-preview:large, max-video-preview:-1\" \/>\n<link rel=\"canonical\" href=\"https:\/\/1001garrafas.com\/en\/produto\/herdade-cebolal-colheita-tinto\/\" \/>\n<meta property=\"og:locale\" content=\"en_US\" \/>\n<meta property=\"og:type\" content=\"article\" \/>\n<meta property=\"og:title\" content=\"Herdade Cebolal Colheita Tinto - 1001Garrafas\" \/>\n<meta property=\"og:description\" content=\"A propriedade tem estado na mesma fam\u00edlia h\u00e1 mais de um s\u00e9culo. As vinhas da herdade est\u00e3o localizadas na Costa Vicentina, a dez quil\u00f3metros da praia de Porto Covo.\" \/>\n<meta property=\"og:url\" content=\"https:\/\/1001garrafas.com\/en\/produto\/herdade-cebolal-colheita-tinto\/\" \/>\n<meta property=\"og:site_name\" content=\"1001Garrafas\" \/>\n<meta property=\"article:modified_time\" content=\"2024-05-21T11:39:49+00:00\" \/>\n<meta name=\"twitter:card\" content=\"summary_large_image\" \/>\n<meta name=\"twitter:label1\" content=\"Est. reading time\" \/>\n\t<meta name=\"twitter:data1\" content=\"1 minute\" \/>\n<script type=\"application\/ld+json\" class=\"yoast-schema-graph\">{\"@context\":\"https:\/\/schema.org\",\"@graph\":[{\"@type\":\"WebPage\",\"@id\":\"https:\/\/1001garrafas.com\/en\/produto\/herdade-cebolal-colheita-tinto\/\",\"url\":\"https:\/\/1001garrafas.com\/en\/produto\/herdade-cebolal-colheita-tinto\/\",\"name\":\"Herdade Cebolal Colheita Tinto - 1001Garrafas\",\"isPartOf\":{\"@id\":\"https:\/\/1001garrafas.com\/#website\"},\"datePublished\":\"2021-07-07T16:00:04+00:00\",\"dateModified\":\"2024-05-21T11:39:49+00:00\",\"breadcrumb\":{\"@id\":\"https:\/\/1001garrafas.com\/en\/produto\/herdade-cebolal-colheita-tinto\/#breadcrumb\"},\"inLanguage\":\"en-US\",\"potentialAction\":[{\"@type\":\"ReadAction\",\"target\":[\"https:\/\/1001garrafas.com\/en\/produto\/herdade-cebolal-colheita-tinto\/\"]}]},{\"@type\":\"BreadcrumbList\",\"@id\":\"https:\/\/1001garrafas.com\/en\/produto\/herdade-cebolal-colheita-tinto\/#breadcrumb\",\"itemListElement\":[{\"@type\":\"ListItem\",\"position\":1,\"name\":\"Shop\",\"item\":\"https:\/\/1001garrafas.com\/en\/online-wine-store\/\"},{\"@type\":\"ListItem\",\"position\":2,\"name\":\"Herdade Cebolal Colheita Tinto\"}]},{\"@type\":\"WebSite\",\"@id\":\"https:\/\/1001garrafas.com\/#website\",\"url\":\"https:\/\/1001garrafas.com\/\",\"name\":\"1001Garrafas\",\"description\":\"Com\u00e9rcio a retalho de bebidas, em estabelecimentos especializados - Ponta Delgada - A\u00e7ores\",\"potentialAction\":[{\"@type\":\"SearchAction\",\"target\":{\"@type\":\"EntryPoint\",\"urlTemplate\":\"https:\/\/1001garrafas.com\/?s={search_term_string}\"},\"query-input\":\"required name=search_term_string\"}],\"inLanguage\":\"en-US\"}]}<\/script>\n<!-- \/ Yoast SEO plugin. -->","yoast_head_json":{"title":"Herdade Cebolal Colheita Tinto - 1001Garrafas","robots":{"index":"index","follow":"follow","max-snippet":"max-snippet:-1","max-image-preview":"max-image-preview:large","max-video-preview":"max-video-preview:-1"},"canonical":"https:\/\/1001garrafas.com\/en\/produto\/herdade-cebolal-colheita-tinto\/","og_locale":"en_US","og_type":"article","og_title":"Herdade Cebolal Colheita Tinto - 1001Garrafas","og_description":"A propriedade tem estado na mesma fam\u00edlia h\u00e1 mais de um s\u00e9culo. As vinhas da herdade est\u00e3o localizadas na Costa Vicentina, a dez quil\u00f3metros da praia de Porto Covo.","og_url":"https:\/\/1001garrafas.com\/en\/produto\/herdade-cebolal-colheita-tinto\/","og_site_name":"1001Garrafas","article_modified_time":"2024-05-21T11:39:49+00:00","twitter_card":"summary_large_image","twitter_misc":{"Est. reading time":"1 minute"},"schema":{"@context":"https:\/\/schema.org","@graph":[{"@type":"WebPage","@id":"https:\/\/1001garrafas.com\/en\/produto\/herdade-cebolal-colheita-tinto\/","url":"https:\/\/1001garrafas.com\/en\/produto\/herdade-cebolal-colheita-tinto\/","name":"Herdade Cebolal Colheita Tinto - 1001Garrafas","isPartOf":{"@id":"https:\/\/1001garrafas.com\/#website"},"datePublished":"2021-07-07T16:00:04+00:00","dateModified":"2024-05-21T11:39:49+00:00","breadcrumb":{"@id":"https:\/\/1001garrafas.com\/en\/produto\/herdade-cebolal-colheita-tinto\/#breadcrumb"},"inLanguage":"en-US","potentialAction":[{"@type":"ReadAction","target":["https:\/\/1001garrafas.com\/en\/produto\/herdade-cebolal-colheita-tinto\/"]}]},{"@type":"BreadcrumbList","@id":"https:\/\/1001garrafas.com\/en\/produto\/herdade-cebolal-colheita-tinto\/#breadcrumb","itemListElement":[{"@type":"ListItem","position":1,"name":"Shop","item":"https:\/\/1001garrafas.com\/en\/online-wine-store\/"},{"@type":"ListItem","position":2,"name":"Herdade Cebolal Colheita Tinto"}]},{"@type":"WebSite","@id":"https:\/\/1001garrafas.com\/#website","url":"https:\/\/1001garrafas.com\/","name":"1001Garrafas","description":"Com\u00e9rcio a retalho de bebidas, em estabelecimentos especializados - Ponta Delgada - A\u00e7ores","potentialAction":[{"@type":"SearchAction","target":{"@type":"EntryPoint","urlTemplate":"https:\/\/1001garrafas.com\/?s={search_term_string}"},"query-input":"required name=search_term_string"}],"inLanguage":"en-US"}]}},"_links":{"self":[{"href":"https:\/\/1001garrafas.com\/en\/wp-json\/wp\/v2\/product\/4377"}],"collection":[{"href":"https:\/\/1001garrafas.com\/en\/wp-json\/wp\/v2\/product"}],"about":[{"href":"https:\/\/1001garrafas.com\/en\/wp-json\/wp\/v2\/types\/product"}],"wp:featuredmedia":[{"embeddable":true,"href":"https:\/\/1001garrafas.com\/en\/wp-json\/wp\/v2\/media\/4662"}],"wp:attachment":[{"href":"https:\/\/1001garrafas.com\/en\/wp-json\/wp\/v2\/media?parent=4377"}],"wp:term":[{"taxonomy":"product_cat","embeddable":true,"href":"https:\/\/1001garrafas.com\/en\/wp-json\/wp\/v2\/product_cat?post=4377"}],"curies":[{"name":"wp","href":"https:\/\/api.w.org\/{rel}","templated":true}]}}