{"id":4029,"date":"2021-07-07T16:00:08","date_gmt":"2021-07-07T16:00:08","guid":{"rendered":"http:\/\/1001garrafas.com\/produto\/herdade-do-cebolal-blanc-de-noir-castelao\/"},"modified":"2021-09-02T20:00:31","modified_gmt":"2021-09-02T20:00:31","slug":"herdade-do-cebolal-blanc-de-noir-castelao","status":"publish","type":"product","link":"https:\/\/1001garrafas.com\/en\/produto\/herdade-do-cebolal-blanc-de-noir-castelao\/","title":{"rendered":"Herdade do Cebolal Blanc de Noir Castel\u00e3o"},"content":{"rendered":"<p>Herdade do Cebolal was one of the first estates on the Alentejo Coast, to produce certified red wines with the &#8220;Castel\u00e3o&#8221; grape variety in the late 30s-40s. In 2015 producer Lu\u00eds Mota Capit\u00e3o and his family decided to develop different styles from the &#8220;Castel\u00e3o&#8221; grape variety in order to show the full potential of this unloved and forgotten grape variety in recent years.<\/p>\n","protected":false},"excerpt":{"rendered":"<p>Herdade do Cebolal was one of the first estates on the Alentejo Coast, to produce certified red wines with the &#8220;Castel\u00e3o&#8221; grape variety in the late 30s-40s. In 2015 producer [&hellip;]<\/p>\n","protected":false},"featured_media":4524,"template":"","meta":[],"product_cat":[135,154],"acf":[],"yoast_head":"<!-- This site is optimized with the Yoast SEO plugin v19.8 - https:\/\/yoast.com\/wordpress\/plugins\/seo\/ -->\n<title>Herdade do Cebolal Blanc de Noir Castel\u00e3o - 1001Garrafas<\/title>\n<meta name=\"robots\" content=\"index, follow, max-snippet:-1, max-image-preview:large, max-video-preview:-1\" \/>\n<link rel=\"canonical\" href=\"https:\/\/1001garrafas.com\/en\/produto\/herdade-do-cebolal-blanc-de-noir-castelao\/\" \/>\n<meta property=\"og:locale\" content=\"en_US\" \/>\n<meta property=\"og:type\" content=\"article\" \/>\n<meta property=\"og:title\" content=\"Herdade do Cebolal Blanc de Noir Castel\u00e3o - 1001Garrafas\" \/>\n<meta property=\"og:description\" content=\"Herdade do Cebolal was one of the first estates on the Alentejo Coast, to produce certified red wines with the &#8220;Castel\u00e3o&#8221; grape variety in the late 30s-40s. In 2015 producer [&hellip;]\" \/>\n<meta property=\"og:url\" content=\"https:\/\/1001garrafas.com\/en\/produto\/herdade-do-cebolal-blanc-de-noir-castelao\/\" \/>\n<meta property=\"og:site_name\" content=\"1001Garrafas\" \/>\n<meta property=\"article:modified_time\" content=\"2021-09-02T20:00:31+00:00\" \/>\n<meta property=\"og:image\" content=\"https:\/\/1001garrafas.com\/wp-content\/uploads\/2021\/07\/herdade-do-cebolal-blanc-de-noir-castelao.png\" \/>\n\t<meta property=\"og:image:width\" content=\"636\" \/>\n\t<meta property=\"og:image:height\" content=\"1672\" \/>\n\t<meta property=\"og:image:type\" content=\"image\/png\" \/>\n<meta name=\"twitter:card\" content=\"summary_large_image\" \/>\n<meta name=\"twitter:label1\" content=\"Est. reading time\" \/>\n\t<meta name=\"twitter:data1\" content=\"1 minute\" \/>\n<script type=\"application\/ld+json\" class=\"yoast-schema-graph\">{\"@context\":\"https:\/\/schema.org\",\"@graph\":[{\"@type\":\"WebPage\",\"@id\":\"https:\/\/1001garrafas.com\/en\/produto\/herdade-do-cebolal-blanc-de-noir-castelao\/\",\"url\":\"https:\/\/1001garrafas.com\/en\/produto\/herdade-do-cebolal-blanc-de-noir-castelao\/\",\"name\":\"Herdade do Cebolal Blanc de Noir Castel\u00e3o - 1001Garrafas\",\"isPartOf\":{\"@id\":\"https:\/\/1001garrafas.com\/#website\"},\"datePublished\":\"2021-07-07T16:00:08+00:00\",\"dateModified\":\"2021-09-02T20:00:31+00:00\",\"breadcrumb\":{\"@id\":\"https:\/\/1001garrafas.com\/en\/produto\/herdade-do-cebolal-blanc-de-noir-castelao\/#breadcrumb\"},\"inLanguage\":\"en-US\",\"potentialAction\":[{\"@type\":\"ReadAction\",\"target\":[\"https:\/\/1001garrafas.com\/en\/produto\/herdade-do-cebolal-blanc-de-noir-castelao\/\"]}]},{\"@type\":\"BreadcrumbList\",\"@id\":\"https:\/\/1001garrafas.com\/en\/produto\/herdade-do-cebolal-blanc-de-noir-castelao\/#breadcrumb\",\"itemListElement\":[{\"@type\":\"ListItem\",\"position\":1,\"name\":\"Shop\",\"item\":\"https:\/\/1001garrafas.com\/en\/online-wine-store\/\"},{\"@type\":\"ListItem\",\"position\":2,\"name\":\"Herdade do Cebolal Blanc de Noir Castel\u00e3o\"}]},{\"@type\":\"WebSite\",\"@id\":\"https:\/\/1001garrafas.com\/#website\",\"url\":\"https:\/\/1001garrafas.com\/\",\"name\":\"1001Garrafas\",\"description\":\"Com\u00e9rcio a retalho de bebidas, em estabelecimentos especializados - Ponta Delgada - A\u00e7ores\",\"potentialAction\":[{\"@type\":\"SearchAction\",\"target\":{\"@type\":\"EntryPoint\",\"urlTemplate\":\"https:\/\/1001garrafas.com\/?s={search_term_string}\"},\"query-input\":\"required name=search_term_string\"}],\"inLanguage\":\"en-US\"}]}<\/script>\n<!-- \/ Yoast SEO plugin. -->","yoast_head_json":{"title":"Herdade do Cebolal Blanc de Noir Castel\u00e3o - 1001Garrafas","robots":{"index":"index","follow":"follow","max-snippet":"max-snippet:-1","max-image-preview":"max-image-preview:large","max-video-preview":"max-video-preview:-1"},"canonical":"https:\/\/1001garrafas.com\/en\/produto\/herdade-do-cebolal-blanc-de-noir-castelao\/","og_locale":"en_US","og_type":"article","og_title":"Herdade do Cebolal Blanc de Noir Castel\u00e3o - 1001Garrafas","og_description":"Herdade do Cebolal was one of the first estates on the Alentejo Coast, to produce certified red wines with the &#8220;Castel\u00e3o&#8221; grape variety in the late 30s-40s. In 2015 producer [&hellip;]","og_url":"https:\/\/1001garrafas.com\/en\/produto\/herdade-do-cebolal-blanc-de-noir-castelao\/","og_site_name":"1001Garrafas","article_modified_time":"2021-09-02T20:00:31+00:00","og_image":[{"width":636,"height":1672,"url":"https:\/\/1001garrafas.com\/wp-content\/uploads\/2021\/07\/herdade-do-cebolal-blanc-de-noir-castelao.png","type":"image\/png"}],"twitter_card":"summary_large_image","twitter_misc":{"Est. reading time":"1 minute"},"schema":{"@context":"https:\/\/schema.org","@graph":[{"@type":"WebPage","@id":"https:\/\/1001garrafas.com\/en\/produto\/herdade-do-cebolal-blanc-de-noir-castelao\/","url":"https:\/\/1001garrafas.com\/en\/produto\/herdade-do-cebolal-blanc-de-noir-castelao\/","name":"Herdade do Cebolal Blanc de Noir Castel\u00e3o - 1001Garrafas","isPartOf":{"@id":"https:\/\/1001garrafas.com\/#website"},"datePublished":"2021-07-07T16:00:08+00:00","dateModified":"2021-09-02T20:00:31+00:00","breadcrumb":{"@id":"https:\/\/1001garrafas.com\/en\/produto\/herdade-do-cebolal-blanc-de-noir-castelao\/#breadcrumb"},"inLanguage":"en-US","potentialAction":[{"@type":"ReadAction","target":["https:\/\/1001garrafas.com\/en\/produto\/herdade-do-cebolal-blanc-de-noir-castelao\/"]}]},{"@type":"BreadcrumbList","@id":"https:\/\/1001garrafas.com\/en\/produto\/herdade-do-cebolal-blanc-de-noir-castelao\/#breadcrumb","itemListElement":[{"@type":"ListItem","position":1,"name":"Shop","item":"https:\/\/1001garrafas.com\/en\/online-wine-store\/"},{"@type":"ListItem","position":2,"name":"Herdade do Cebolal Blanc de Noir Castel\u00e3o"}]},{"@type":"WebSite","@id":"https:\/\/1001garrafas.com\/#website","url":"https:\/\/1001garrafas.com\/","name":"1001Garrafas","description":"Com\u00e9rcio a retalho de bebidas, em estabelecimentos especializados - Ponta Delgada - A\u00e7ores","potentialAction":[{"@type":"SearchAction","target":{"@type":"EntryPoint","urlTemplate":"https:\/\/1001garrafas.com\/?s={search_term_string}"},"query-input":"required name=search_term_string"}],"inLanguage":"en-US"}]}},"_links":{"self":[{"href":"https:\/\/1001garrafas.com\/en\/wp-json\/wp\/v2\/product\/4029"}],"collection":[{"href":"https:\/\/1001garrafas.com\/en\/wp-json\/wp\/v2\/product"}],"about":[{"href":"https:\/\/1001garrafas.com\/en\/wp-json\/wp\/v2\/types\/product"}],"wp:featuredmedia":[{"embeddable":true,"href":"https:\/\/1001garrafas.com\/en\/wp-json\/wp\/v2\/media\/4524"}],"wp:attachment":[{"href":"https:\/\/1001garrafas.com\/en\/wp-json\/wp\/v2\/media?parent=4029"}],"wp:term":[{"taxonomy":"product_cat","embeddable":true,"href":"https:\/\/1001garrafas.com\/en\/wp-json\/wp\/v2\/product_cat?post=4029"}],"curies":[{"name":"wp","href":"https:\/\/api.w.org\/{rel}","templated":true}]}}